{"id":47,"date":"2025-02-04T18:49:27","date_gmt":"2025-02-04T18:49:27","guid":{"rendered":"https:\/\/nightingale-nurses.com\/inicio\/"},"modified":"2025-03-28T03:16:44","modified_gmt":"2025-03-28T03:16:44","slug":"inicio","status":"publish","type":"page","link":"https:\/\/nightingale-nurses.com\/en\/","title":{"rendered":"Home"},"content":{"rendered":"<div class=\"wp-block-group alignwide hostinger-ai-fade-up has-global-padding is-layout-constrained wp-block-group-is-layout-constrained\" data-aos=\"fade-up\" style=\"padding-top:0;padding-bottom:0\">\n<div class=\"wp-block-group alignwide hostinger-ai-fade-up is-nowrap is-layout-flex wp-container-core-group-is-layout-1 wp-block-group-is-layout-flex\" data-aos=\"fade-up\" style=\"margin-bottom:0\">\n<div class=\"wp-block-columns is-layout-flex wp-container-core-columns-is-layout-1 wp-block-columns-is-layout-flex\">\n<div class=\"wp-block-column is-layout-flow wp-block-column-is-layout-flow\" style=\"flex-basis:50%\">\n<h2 class=\"wp-block-heading hostinger-ai-title has-text-color has-link-color has-alata-font-family has-x-large-font-size wp-elements-b457a95ea75073573c6c73d90f7d0a63\" style=\"color:#68b0ad;margin-top:var(--wp--preset--spacing--60);margin-bottom:0;letter-spacing:1px;text-decoration:none;text-transform:none\">Experts in professional care<\/h2>\n<\/div>\n\n\n\n<div class=\"wp-block-column is-vertically-aligned-center has-small-font-size has-global-padding is-layout-constrained wp-block-column-is-layout-constrained\" style=\"flex-basis:50%\">\n<p class=\"hostinger-ai-description has-alata-font-family has-large-font-size\" style=\"border-style:none;border-width:0px;margin-top:var(--wp--preset--spacing--50);margin-bottom:0;letter-spacing:1px\">Hi!, We <strong>Paulina Garcia<\/strong> and <strong>Jennifer Mu\u00f1oz<\/strong>, registered nurses, friends and owners of Nightingale Nurses in San Miguel de Allende, Guanajuato, Mexico.<\/p>\n<\/div>\n<\/div>\n<\/div>\n\n\n\n<div class=\"wp-block-group alignwide hostinger-ai-fade-up is-nowrap is-layout-flex wp-container-core-group-is-layout-2 wp-block-group-is-layout-flex\" data-aos=\"fade-up\" style=\"margin-bottom:0;padding-top:var(--wp--preset--spacing--30)\">\n<figure class=\"wp-block-image alignfull size-full has-custom-border hostinger-ai-image\"><img loading=\"lazy\" decoding=\"async\" width=\"1498\" height=\"998\" src=\"https:\/\/nightingale-nurses-com.preview-domain.com\/wp-content\/uploads\/2025\/02\/SMA-1.jpg\" alt=\"\" class=\"wp-image-143\" style=\"border-radius:0px\" srcset=\"https:\/\/nightingale-nurses.com\/wp-content\/uploads\/2025\/02\/SMA-1.jpg 1498w, https:\/\/nightingale-nurses.com\/wp-content\/uploads\/2025\/02\/SMA-1-300x200.jpg 300w, https:\/\/nightingale-nurses.com\/wp-content\/uploads\/2025\/02\/SMA-1-1024x682.jpg 1024w, https:\/\/nightingale-nurses.com\/wp-content\/uploads\/2025\/02\/SMA-1-768x512.jpg 768w\" sizes=\"auto, (max-width: 1498px) 100vw, 1498px\" \/><\/figure>\n<\/div>\n<\/div>\n\n\n\n<div class=\"wp-block-group alignfull hostinger-ai-our-services-2 hostinger-ai-fade-up has-background has-global-padding is-layout-constrained wp-block-group-is-layout-constrained\" data-aos=\"fade-up\" style=\"background-color:#68b0ad;margin-bottom:0;padding-top:var(--wp--preset--spacing--60);padding-bottom:var(--wp--preset--spacing--60)\">\n<div class=\"wp-block-group alignwide hostinger-ai-fade-up has-global-padding is-content-justification-left is-layout-constrained wp-container-core-group-is-layout-8 wp-block-group-is-layout-constrained\" data-aos=\"fade-up\">\n<h2 class=\"wp-block-heading is-style-default hostinger-ai-title has-light-color has-text-color has-link-color has-alata-font-family has-x-large-font-size wp-elements-42134bca5d5e4fde325791f62c1a4583\" style=\"margin-bottom:var(--wp--preset--spacing--50);letter-spacing:1px\">Our history<\/h2>\n\n\n\n<div class=\"wp-block-group alignwide hostinger-ai-fade-up is-layout-grid wp-container-core-group-is-layout-7 wp-block-group-is-layout-grid\" data-aos=\"fade-up\">\n<div class=\"wp-block-group hostinger-ai-fade-up has-global-padding is-layout-constrained wp-container-core-group-is-layout-4 wp-block-group-is-layout-constrained\" data-aos=\"fade-up\" style=\"padding-top:0;padding-right:var(--wp--preset--spacing--20);padding-bottom:0;padding-left:var(--wp--preset--spacing--20)\">\n<figure class=\"wp-block-image size-full has-custom-border hostinger-ai-service-image\"><img loading=\"lazy\" decoding=\"async\" width=\"512\" height=\"512\" src=\"https:\/\/nightingale-nurses-com.preview-domain.com\/wp-content\/uploads\/2025\/02\/Nos-conocimos.jpg\" alt=\"\" class=\"wp-image-142\" style=\"border-radius:8px\" srcset=\"https:\/\/nightingale-nurses.com\/wp-content\/uploads\/2025\/02\/Nos-conocimos.jpg 512w, https:\/\/nightingale-nurses.com\/wp-content\/uploads\/2025\/02\/Nos-conocimos-300x300.jpg 300w, https:\/\/nightingale-nurses.com\/wp-content\/uploads\/2025\/02\/Nos-conocimos-150x150.jpg 150w\" sizes=\"auto, (max-width: 512px) 100vw, 512px\" \/><\/figure>\n\n\n\n<p class=\"hostinger-ai-service-description has-light-color has-text-color has-link-color has-alata-font-family has-medium-font-size wp-elements-6c52533c4673865a0046d909f94a08dd\" style=\"margin-top:var(--wp--preset--spacing--40)\">We met back in 2017, when both were giving or Social Service at the San Miguel de Allende General Hospital. After finishing it in 2018, we started to work together with a very special patient who quickly became a friend, and soon our family.<\/p>\n<\/div>\n\n\n\n<div class=\"wp-block-group hostinger-ai-fade-up has-global-padding is-layout-constrained wp-container-core-group-is-layout-5 wp-block-group-is-layout-constrained\" data-aos=\"fade-up\" style=\"padding-right:var(--wp--preset--spacing--20);padding-left:var(--wp--preset--spacing--20)\">\n<figure class=\"wp-block-image size-full has-custom-border hostinger-ai-service-image hostinger-index-1\"><img loading=\"lazy\" decoding=\"async\" width=\"1417\" height=\"1417\" src=\"https:\/\/nightingale-nurses-com.preview-domain.com\/wp-content\/uploads\/2025\/02\/05-Presion-arterial.jpg\" alt=\"\" class=\"wp-image-27\" style=\"border-radius:8px\" srcset=\"https:\/\/nightingale-nurses.com\/wp-content\/uploads\/2025\/02\/05-Presion-arterial.jpg 1417w, https:\/\/nightingale-nurses.com\/wp-content\/uploads\/2025\/02\/05-Presion-arterial-300x300.jpg 300w, https:\/\/nightingale-nurses.com\/wp-content\/uploads\/2025\/02\/05-Presion-arterial-1024x1024.jpg 1024w, https:\/\/nightingale-nurses.com\/wp-content\/uploads\/2025\/02\/05-Presion-arterial-150x150.jpg 150w, https:\/\/nightingale-nurses.com\/wp-content\/uploads\/2025\/02\/05-Presion-arterial-768x768.jpg 768w\" sizes=\"auto, (max-width: 1417px) 100vw, 1417px\" \/><\/figure>\n\n\n\n<p class=\"hostinger-ai-service-description hostinger-index-1 has-light-color has-text-color has-link-color has-alata-font-family has-medium-font-size wp-elements-3efad8d4fd6352adc715391e70891f1e\" style=\"margin-top:var(--wp--preset--spacing--40)\">With her help and inspiration, we created Nightingale Nurses, a small group of friends caring people in need. As the years went by, we were able to meet the needs of so many people, our good outcomes spoke for us and many wanted us to take care of their family and beloved ones.<\/p>\n<\/div>\n\n\n\n<div class=\"wp-block-group hostinger-ai-fade-up has-global-padding is-layout-constrained wp-container-core-group-is-layout-6 wp-block-group-is-layout-constrained\" data-aos=\"fade-up\" style=\"padding-right:var(--wp--preset--spacing--20);padding-left:var(--wp--preset--spacing--20)\">\n<figure class=\"wp-block-image size-full has-custom-border hostinger-ai-service-image hostinger-index-2\"><img loading=\"lazy\" decoding=\"async\" width=\"1417\" height=\"1417\" src=\"https:\/\/nightingale-nurses-com.preview-domain.com\/wp-content\/uploads\/2025\/02\/06-Acompanamiento-personas-mayores.jpg\" alt=\"\" class=\"wp-image-28\" style=\"border-radius:8px\" srcset=\"https:\/\/nightingale-nurses.com\/wp-content\/uploads\/2025\/02\/06-Acompanamiento-personas-mayores.jpg 1417w, https:\/\/nightingale-nurses.com\/wp-content\/uploads\/2025\/02\/06-Acompanamiento-personas-mayores-300x300.jpg 300w, https:\/\/nightingale-nurses.com\/wp-content\/uploads\/2025\/02\/06-Acompanamiento-personas-mayores-1024x1024.jpg 1024w, https:\/\/nightingale-nurses.com\/wp-content\/uploads\/2025\/02\/06-Acompanamiento-personas-mayores-150x150.jpg 150w, https:\/\/nightingale-nurses.com\/wp-content\/uploads\/2025\/02\/06-Acompanamiento-personas-mayores-768x768.jpg 768w\" sizes=\"auto, (max-width: 1417px) 100vw, 1417px\" \/><\/figure>\n\n\n\n<p class=\"hostinger-ai-service-description hostinger-index-2 has-light-color has-text-color has-link-color has-alata-font-family has-medium-font-size wp-elements-9ec917d990fd869aff430bb509c3f846\" style=\"margin-top:var(--wp--preset--spacing--40)\">Our company grew and we were able to work along with PASMA (Patient Advocacy San Miguel de Allende), providing care for their people and growing a strong long lasting friendship and co working skills.<\/p>\n<\/div>\n<\/div>\n<\/div>\n<\/div>\n\n\n\n<div class=\"wp-block-group alignwide hostinger-ai-fade-up is-content-justification-center is-nowrap is-layout-flex wp-container-core-group-is-layout-13 wp-block-group-is-layout-flex\" data-aos=\"fade-up\">\n<div class=\"wp-block-group alignwide hostinger-ai-fade-up has-global-padding is-layout-constrained wp-block-group-is-layout-constrained\" data-aos=\"fade-up\">\n<h2 class=\"wp-block-heading alignfull has-text-align-left hostinger-ai-subtitle has-text-color has-link-color has-alata-font-family has-x-large-font-size wp-elements-e00c361eac028637bead0c5106ded529\" style=\"color:#68b0ad;margin-bottom:var(--wp--preset--spacing--50);letter-spacing:1px\">Customer reviews<\/h2>\n\n\n\n<div class=\"wp-block-columns alignwide is-layout-flex wp-container-core-columns-is-layout-2 wp-block-columns-is-layout-flex\">\n<div class=\"wp-block-column is-vertically-aligned-center is-layout-flow wp-block-column-is-layout-flow\">\n<div class=\"wp-block-group hostinger-ai-fade-up is-nowrap is-layout-flex wp-container-core-group-is-layout-10 wp-block-group-is-layout-flex\" data-aos=\"fade-up\">\n<figure class=\"wp-block-image size-full is-resized has-custom-border hostinger-ai-testimonial-image\"><img decoding=\"async\" src=\"https:\/\/images.unsplash.com\/photo-1494474636013-a90fe1540959?q=85&amp;w=98&amp;h=108&amp;fit=crop\" alt=\"\" class=\"wp-image-265\" style=\"border-radius:8px;width:148px;height:auto\"\/><\/figure>\n\n\n\n<p class=\"hostinger-ai-testimonial-text has-dark-color has-text-color has-link-color has-alata-font-family has-medium-font-size wp-elements-47fe15fcd119e2ee53dcbcc5322f0afc wp-container-content-2\" style=\"padding-left:var(--wp--preset--spacing--20)\">\u201cThe care and attention are exceptional, always with professionalism and honesty.\u201d<\/p>\n<\/div>\n<\/div>\n\n\n\n<div class=\"wp-block-column is-vertically-aligned-center is-layout-flow wp-block-column-is-layout-flow\">\n<div class=\"wp-block-group hostinger-ai-fade-up is-nowrap is-layout-flex wp-container-core-group-is-layout-11 wp-block-group-is-layout-flex\" data-aos=\"fade-up\">\n<figure class=\"wp-block-image size-full is-resized has-custom-border hostinger-ai-testimonial-image hostinger-index-1\"><img decoding=\"async\" src=\"https:\/\/images.unsplash.com\/photo-1664958884838-705b1518406f?q=85&amp;w=98&amp;h=108&amp;fit=crop\" alt=\"\" class=\"wp-image-266\" style=\"border-radius:8px;width:148px;height:auto\"\/><\/figure>\n\n\n\n<p class=\"hostinger-ai-testimonial-text hostinger-index-1 has-dark-color has-text-color has-link-color has-alata-font-family has-medium-font-size wp-elements-7a49cc3c9983b17640962fe918cf6cb4 wp-container-content-3\" style=\"padding-left:var(--wp--preset--spacing--20)\">\u201cMy grandparents are happy and well cared for, thanks to Nightingale Nurses and their dedication\".<\/p>\n<\/div>\n<\/div>\n<\/div>\n<\/div>\n<\/div>\n\n\n\n<div class=\"wp-block-group alignfull hostinger-ai-solid-block hostinger-ai-fade-up has-background has-global-padding is-layout-constrained wp-block-group-is-layout-constrained\" data-aos=\"fade-up\" style=\"background-color:#e5e5e5;padding-top:var(--wp--preset--spacing--60);padding-bottom:var(--wp--preset--spacing--60)\">\n<div class=\"wp-block-group alignwide hostinger-ai-fade-up is-vertical is-content-justification-center is-nowrap is-layout-flex wp-container-core-group-is-layout-15 wp-block-group-is-layout-flex\" data-aos=\"fade-up\" style=\"min-height:0px;padding-top:0;padding-bottom:0\">\n<div class=\"wp-block-group hostinger-ai-fade-up wp-container-content-4 has-global-padding is-content-justification-center is-layout-constrained wp-container-core-group-is-layout-14 wp-block-group-is-layout-constrained\" data-aos=\"fade-up\">\n<h2 class=\"wp-block-heading has-text-align-center hostinger-ai-title has-custom-color-2-color has-text-color has-link-color has-alata-font-family has-x-large-font-size wp-elements-1f2710e153c2e7d620617f0a42cf778c\" style=\"margin-top:0;margin-right:0;margin-bottom:0;margin-left:0\">Schedule an appointment<\/h2>\n\n\n\n<p class=\"has-text-align-center hostinger-ai-description has-dark-color has-text-color has-link-color has-alata-font-family has-medium-font-size wp-elements-08addb9f0d99f56ed62fbae4884af9ad\" style=\"margin-top:var(--wp--preset--spacing--20);margin-bottom:var(--wp--preset--spacing--50)\">We offer elderly care with dedication, cleanliness and honesty. Affordable services and in English for your convenience.<\/p>\n\n\n\n<div class=\"wp-block-buttons is-content-justification-center is-layout-flex wp-container-core-buttons-is-layout-1 wp-block-buttons-is-layout-flex\">\n<div class=\"wp-block-button has-custom-font-size hostinger-ai-cta-button is-style-outline has-alata-font-family has-medium-font-size is-style-outline--1\" style=\"letter-spacing:2px\"><a class=\"wp-block-button__link has-dark-color has-text-color has-background has-link-color wp-element-button\" href=\"https:\/\/nightingale-nurses.com\/en\/contacto\/\" style=\"border-style:none;border-width:0px;border-radius:30px;background-color:#eec1be;padding-top:var(--wp--preset--spacing--30);padding-right:var(--wp--preset--spacing--70);padding-bottom:var(--wp--preset--spacing--30);padding-left:var(--wp--preset--spacing--70)\">Contact us<\/a><\/div>\n<\/div>\n<\/div>\n<\/div>\n\n\n\n<p><\/p>\n<\/div>\n\n\n\n<p><\/p>","protected":false},"excerpt":{"rendered":"<p>Expertas en Cuidado Profesional \u00a1Hola!, somos Paulina Garc\u00eda y Jennifer Mu\u00f1oz, licenciadas en enfermer\u00eda, amigas y propietarias de Nightingale Nurses en San Miguel de Allende, Guanajuato, M\u00e9xico. Nuestra historia Nos conocimos en el a\u00f1o 2017, cuando ambas realiz\u00e1bamos el Servicio Social en el Hospital General de San Miguel de Allende. Tras finalizarlo en 2018, empezamos [&hellip;]<\/p>","protected":false},"author":1,"featured_media":0,"parent":0,"menu_order":0,"comment_status":"closed","ping_status":"closed","template":"","meta":{"footnotes":""},"class_list":["post-47","page","type-page","status-publish","hentry"],"_links":{"self":[{"href":"https:\/\/nightingale-nurses.com\/en\/wp-json\/wp\/v2\/pages\/47","targetHints":{"allow":["GET"]}}],"collection":[{"href":"https:\/\/nightingale-nurses.com\/en\/wp-json\/wp\/v2\/pages"}],"about":[{"href":"https:\/\/nightingale-nurses.com\/en\/wp-json\/wp\/v2\/types\/page"}],"author":[{"embeddable":true,"href":"https:\/\/nightingale-nurses.com\/en\/wp-json\/wp\/v2\/users\/1"}],"replies":[{"embeddable":true,"href":"https:\/\/nightingale-nurses.com\/en\/wp-json\/wp\/v2\/comments?post=47"}],"version-history":[{"count":26,"href":"https:\/\/nightingale-nurses.com\/en\/wp-json\/wp\/v2\/pages\/47\/revisions"}],"predecessor-version":[{"id":260,"href":"https:\/\/nightingale-nurses.com\/en\/wp-json\/wp\/v2\/pages\/47\/revisions\/260"}],"wp:attachment":[{"href":"https:\/\/nightingale-nurses.com\/en\/wp-json\/wp\/v2\/media?parent=47"}],"curies":[{"name":"wp","href":"https:\/\/api.w.org\/{rel}","templated":true}]}}