{"id":48,"date":"2025-02-04T18:49:27","date_gmt":"2025-02-04T18:49:27","guid":{"rendered":"https:\/\/nightingale-nurses.com\/servicios\/"},"modified":"2025-03-28T03:00:55","modified_gmt":"2025-03-28T03:00:55","slug":"servicios","status":"publish","type":"page","link":"https:\/\/nightingale-nurses.com\/en\/servicios\/","title":{"rendered":"Services"},"content":{"rendered":"<figure class=\"wp-block-image alignwide size-large\"><img loading=\"lazy\" decoding=\"async\" width=\"1024\" height=\"576\" src=\"https:\/\/nightingale-nurses.com\/wp-content\/uploads\/2025\/02\/Servicios-1024x576.jpg\" alt=\"\" class=\"wp-image-226\" srcset=\"https:\/\/nightingale-nurses.com\/wp-content\/uploads\/2025\/02\/Servicios-1024x576.jpg 1024w, https:\/\/nightingale-nurses.com\/wp-content\/uploads\/2025\/02\/Servicios-300x169.jpg 300w, https:\/\/nightingale-nurses.com\/wp-content\/uploads\/2025\/02\/Servicios-768x432.jpg 768w, https:\/\/nightingale-nurses.com\/wp-content\/uploads\/2025\/02\/Servicios-1536x864.jpg 1536w, https:\/\/nightingale-nurses.com\/wp-content\/uploads\/2025\/02\/Servicios-18x10.jpg 18w, https:\/\/nightingale-nurses.com\/wp-content\/uploads\/2025\/02\/Servicios.jpg 1920w\" sizes=\"auto, (max-width: 1024px) 100vw, 1024px\" \/><\/figure>\n\n\n\n<div class=\"wp-block-group alignfull hostinger-ai-fade-up has-global-padding is-layout-constrained wp-block-group-is-layout-constrained\" data-aos=\"fade-up\">\n<div class=\"wp-block-group alignwide hostinger-ai-fade-up has-global-padding is-content-justification-left is-layout-constrained wp-container-core-group-is-layout-5 wp-block-group-is-layout-constrained\" data-aos=\"fade-up\">\n<h2 class=\"wp-block-heading has-text-align-left is-style-default hostinger-ai-title has-custom-color-2-color has-text-color has-link-color has-alata-font-family has-x-large-font-size wp-elements-e0435dab59eefebb1914c086d20b7d03\" style=\"border-style:none;border-width:0px;border-radius:0px;margin-top:0;margin-bottom:var(--wp--preset--spacing--50)\">Professional care<\/h2>\n\n\n\n<div class=\"wp-block-group alignwide hostinger-ai-fade-up is-layout-grid wp-container-core-group-is-layout-4 wp-block-group-is-layout-grid\" data-aos=\"fade-up\">\n<div class=\"wp-block-group hostinger-ai-fade-up has-global-padding is-layout-constrained wp-container-core-group-is-layout-1 wp-block-group-is-layout-constrained\" data-aos=\"fade-up\" style=\"padding-top:0;padding-right:var(--wp--preset--spacing--20);padding-bottom:0;padding-left:var(--wp--preset--spacing--20)\">\n<figure class=\"wp-block-image size-full has-custom-border hostinger-ai-service-image\"><img loading=\"lazy\" decoding=\"async\" width=\"1417\" height=\"1417\" src=\"https:\/\/nightingale-nurses.com\/wp-content\/uploads\/2025\/02\/01-Atencion-hospitalaria.jpg\" alt=\"\" class=\"wp-image-25\" style=\"border-style:none;border-width:0px;border-radius:8px\" srcset=\"https:\/\/nightingale-nurses.com\/wp-content\/uploads\/2025\/02\/01-Atencion-hospitalaria.jpg 1417w, https:\/\/nightingale-nurses.com\/wp-content\/uploads\/2025\/02\/01-Atencion-hospitalaria-300x300.jpg 300w, https:\/\/nightingale-nurses.com\/wp-content\/uploads\/2025\/02\/01-Atencion-hospitalaria-1024x1024.jpg 1024w, https:\/\/nightingale-nurses.com\/wp-content\/uploads\/2025\/02\/01-Atencion-hospitalaria-150x150.jpg 150w, https:\/\/nightingale-nurses.com\/wp-content\/uploads\/2025\/02\/01-Atencion-hospitalaria-768x768.jpg 768w\" sizes=\"auto, (max-width: 1417px) 100vw, 1417px\" \/><figcaption class=\"wp-element-caption\"><mark style=\"background-color:rgba(0, 0, 0, 0);color:#040404\" class=\"has-inline-color\">Day and night in hospital and home care.<\/mark><\/figcaption><\/figure>\n\n\n\n<p class=\"hostinger-ai-service-description has-dark-color has-text-color has-link-color has-medium-font-size wp-elements-883db43763767e5ce71cb7366d83e335\" style=\"margin-top:var(--wp--preset--spacing--40)\"><\/p>\n<\/div>\n\n\n\n<div class=\"wp-block-group hostinger-ai-fade-up has-global-padding is-layout-constrained wp-container-core-group-is-layout-2 wp-block-group-is-layout-constrained\" data-aos=\"fade-up\" style=\"padding-right:var(--wp--preset--spacing--20);padding-left:var(--wp--preset--spacing--20)\">\n<figure class=\"wp-block-image size-full has-custom-border hostinger-ai-service-image hostinger-index-1\"><img loading=\"lazy\" decoding=\"async\" width=\"1417\" height=\"1417\" src=\"https:\/\/nightingale-nurses.com\/wp-content\/uploads\/2025\/02\/02-Cuidado-postcirugia.jpg\" alt=\"\" class=\"wp-image-26\" style=\"border-radius:8px\" srcset=\"https:\/\/nightingale-nurses.com\/wp-content\/uploads\/2025\/02\/02-Cuidado-postcirugia.jpg 1417w, https:\/\/nightingale-nurses.com\/wp-content\/uploads\/2025\/02\/02-Cuidado-postcirugia-300x300.jpg 300w, https:\/\/nightingale-nurses.com\/wp-content\/uploads\/2025\/02\/02-Cuidado-postcirugia-1024x1024.jpg 1024w, https:\/\/nightingale-nurses.com\/wp-content\/uploads\/2025\/02\/02-Cuidado-postcirugia-150x150.jpg 150w, https:\/\/nightingale-nurses.com\/wp-content\/uploads\/2025\/02\/02-Cuidado-postcirugia-768x768.jpg 768w\" sizes=\"auto, (max-width: 1417px) 100vw, 1417px\" \/><\/figure>\n\n\n\n<p class=\"hostinger-ai-service-description hostinger-index-1 has-dark-color has-text-color has-link-color has-medium-font-size wp-elements-d2489af2189d004ff23479aea9c8e025\" style=\"margin-top:var(--wp--preset--spacing--40)\">After surgery care.<\/p>\n<\/div>\n\n\n\n<div class=\"wp-block-group hostinger-ai-fade-up has-global-padding is-layout-constrained wp-container-core-group-is-layout-3 wp-block-group-is-layout-constrained\" data-aos=\"fade-up\" style=\"padding-right:var(--wp--preset--spacing--20);padding-left:var(--wp--preset--spacing--20)\">\n<figure class=\"wp-block-image size-full has-custom-border hostinger-ai-service-image hostinger-index-2\"><img loading=\"lazy\" decoding=\"async\" width=\"1417\" height=\"1417\" src=\"https:\/\/nightingale-nurses.com\/wp-content\/uploads\/2025\/02\/03-Medicamentos-intravenosos.jpg\" alt=\"\" class=\"wp-image-100\" style=\"border-radius:8px\" srcset=\"https:\/\/nightingale-nurses.com\/wp-content\/uploads\/2025\/02\/03-Medicamentos-intravenosos.jpg 1417w, https:\/\/nightingale-nurses.com\/wp-content\/uploads\/2025\/02\/03-Medicamentos-intravenosos-300x300.jpg 300w, https:\/\/nightingale-nurses.com\/wp-content\/uploads\/2025\/02\/03-Medicamentos-intravenosos-1024x1024.jpg 1024w, https:\/\/nightingale-nurses.com\/wp-content\/uploads\/2025\/02\/03-Medicamentos-intravenosos-150x150.jpg 150w, https:\/\/nightingale-nurses.com\/wp-content\/uploads\/2025\/02\/03-Medicamentos-intravenosos-768x768.jpg 768w\" sizes=\"auto, (max-width: 1417px) 100vw, 1417px\" \/><\/figure>\n\n\n\n<p class=\"hostinger-ai-service-description hostinger-index-2 has-dark-color has-text-color has-link-color has-medium-font-size wp-elements-37f1838b11cd87ab7b5b71871fe389bb\" style=\"margin-top:var(--wp--preset--spacing--40)\">IV fluids and meds.<\/p>\n<\/div>\n<\/div>\n<\/div>\n<\/div>\n\n\n\n<div class=\"wp-block-group alignfull hostinger-ai-fade-up has-global-padding is-layout-constrained wp-block-group-is-layout-constrained\" data-aos=\"fade-up\">\n<div class=\"wp-block-group alignwide hostinger-ai-fade-up has-global-padding is-content-justification-left is-layout-constrained wp-container-core-group-is-layout-11 wp-block-group-is-layout-constrained\" data-aos=\"fade-up\">\n<div class=\"wp-block-group alignwide hostinger-ai-fade-up is-layout-grid wp-container-core-group-is-layout-10 wp-block-group-is-layout-grid\" data-aos=\"fade-up\">\n<div class=\"wp-block-group hostinger-ai-fade-up has-global-padding is-layout-constrained wp-container-core-group-is-layout-7 wp-block-group-is-layout-constrained\" data-aos=\"fade-up\" style=\"padding-top:0;padding-right:var(--wp--preset--spacing--20);padding-bottom:0;padding-left:var(--wp--preset--spacing--20)\">\n<figure class=\"wp-block-image size-full has-custom-border hostinger-ai-service-image\"><img loading=\"lazy\" decoding=\"async\" width=\"1417\" height=\"1417\" src=\"https:\/\/nightingale-nurses.com\/wp-content\/uploads\/2025\/02\/04-Limpieza-de-heridas.jpg\" alt=\"\" class=\"wp-image-110\" style=\"border-radius:8px\" srcset=\"https:\/\/nightingale-nurses.com\/wp-content\/uploads\/2025\/02\/04-Limpieza-de-heridas.jpg 1417w, https:\/\/nightingale-nurses.com\/wp-content\/uploads\/2025\/02\/04-Limpieza-de-heridas-300x300.jpg 300w, https:\/\/nightingale-nurses.com\/wp-content\/uploads\/2025\/02\/04-Limpieza-de-heridas-1024x1024.jpg 1024w, https:\/\/nightingale-nurses.com\/wp-content\/uploads\/2025\/02\/04-Limpieza-de-heridas-150x150.jpg 150w, https:\/\/nightingale-nurses.com\/wp-content\/uploads\/2025\/02\/04-Limpieza-de-heridas-768x768.jpg 768w\" sizes=\"auto, (max-width: 1417px) 100vw, 1417px\" \/><\/figure>\n\n\n\n<p class=\"hostinger-ai-service-description has-dark-color has-text-color has-link-color has-medium-font-size wp-elements-2a5df93f7d90272fc819f2b6bae19883\" style=\"margin-top:var(--wp--preset--spacing--40)\">Wound cleaning.<\/p>\n<\/div>\n\n\n\n<div class=\"wp-block-group hostinger-ai-fade-up has-global-padding is-layout-constrained wp-container-core-group-is-layout-8 wp-block-group-is-layout-constrained\" data-aos=\"fade-up\" style=\"padding-right:var(--wp--preset--spacing--20);padding-left:var(--wp--preset--spacing--20)\">\n<figure class=\"wp-block-image size-full has-custom-border hostinger-ai-service-image hostinger-index-1\"><img loading=\"lazy\" decoding=\"async\" width=\"1417\" height=\"1417\" src=\"https:\/\/nightingale-nurses.com\/wp-content\/uploads\/2025\/02\/05-Presion-arterial.jpg\" alt=\"\" class=\"wp-image-27\" style=\"border-radius:8px\" srcset=\"https:\/\/nightingale-nurses.com\/wp-content\/uploads\/2025\/02\/05-Presion-arterial.jpg 1417w, https:\/\/nightingale-nurses.com\/wp-content\/uploads\/2025\/02\/05-Presion-arterial-300x300.jpg 300w, https:\/\/nightingale-nurses.com\/wp-content\/uploads\/2025\/02\/05-Presion-arterial-1024x1024.jpg 1024w, https:\/\/nightingale-nurses.com\/wp-content\/uploads\/2025\/02\/05-Presion-arterial-150x150.jpg 150w, https:\/\/nightingale-nurses.com\/wp-content\/uploads\/2025\/02\/05-Presion-arterial-768x768.jpg 768w\" sizes=\"auto, (max-width: 1417px) 100vw, 1417px\" \/><\/figure>\n\n\n\n<p class=\"hostinger-ai-service-description hostinger-index-1 has-dark-color has-text-color has-link-color has-medium-font-size wp-elements-bc96321eba24abe05ea2bbac6bdbf3d0\" style=\"margin-top:var(--wp--preset--spacing--40)\">Blood pressure, blood sugar levels check up and chart.<\/p>\n<\/div>\n\n\n\n<div class=\"wp-block-group hostinger-ai-fade-up has-global-padding is-layout-constrained wp-container-core-group-is-layout-9 wp-block-group-is-layout-constrained\" data-aos=\"fade-up\" style=\"padding-right:var(--wp--preset--spacing--20);padding-left:var(--wp--preset--spacing--20)\">\n<figure class=\"wp-block-image size-full has-custom-border hostinger-ai-service-image hostinger-index-2\"><img loading=\"lazy\" decoding=\"async\" width=\"1417\" height=\"1417\" src=\"https:\/\/nightingale-nurses.com\/wp-content\/uploads\/2025\/02\/06-Acompanamiento-personas-mayores.jpg\" alt=\"\" class=\"wp-image-28\" style=\"border-radius:8px\" srcset=\"https:\/\/nightingale-nurses.com\/wp-content\/uploads\/2025\/02\/06-Acompanamiento-personas-mayores.jpg 1417w, https:\/\/nightingale-nurses.com\/wp-content\/uploads\/2025\/02\/06-Acompanamiento-personas-mayores-300x300.jpg 300w, https:\/\/nightingale-nurses.com\/wp-content\/uploads\/2025\/02\/06-Acompanamiento-personas-mayores-1024x1024.jpg 1024w, https:\/\/nightingale-nurses.com\/wp-content\/uploads\/2025\/02\/06-Acompanamiento-personas-mayores-150x150.jpg 150w, https:\/\/nightingale-nurses.com\/wp-content\/uploads\/2025\/02\/06-Acompanamiento-personas-mayores-768x768.jpg 768w\" sizes=\"auto, (max-width: 1417px) 100vw, 1417px\" \/><\/figure>\n\n\n\n<p class=\"hostinger-ai-service-description hostinger-index-2 has-dark-color has-text-color has-link-color has-medium-font-size wp-elements-8fbb564fb4643768deec395ff2aa4a39\" style=\"margin-top:var(--wp--preset--spacing--40)\">Senior companionship.<\/p>\n<\/div>\n<\/div>\n<\/div>\n<\/div>\n\n\n\n<div class=\"wp-block-group alignwide hostinger-ai-fade-up is-horizontal is-content-justification-center is-nowrap is-layout-flex wp-container-core-group-is-layout-15 wp-block-group-is-layout-flex\" data-aos=\"fade-up\">\n<div class=\"wp-block-group alignwide hostinger-ai-fade-up has-global-padding is-layout-constrained wp-block-group-is-layout-constrained\" data-aos=\"fade-up\">\n<h2 class=\"wp-block-heading alignwide has-text-align-left hostinger-ai-subtitle has-custom-color-2-color has-text-color has-link-color has-alata-font-family has-x-large-font-size wp-elements-d4de031c8acc9a754b6a13c63c74b53f\" style=\"margin-bottom:var(--wp--preset--spacing--50)\">Customer reviews:<\/h2>\n\n\n\n<div class=\"wp-block-columns alignwide is-layout-flex wp-container-core-columns-is-layout-1 wp-block-columns-is-layout-flex\">\n<div class=\"wp-block-column is-vertically-aligned-center is-layout-flow wp-block-column-is-layout-flow\">\n<div class=\"wp-block-group hostinger-ai-fade-up is-nowrap is-layout-flex wp-container-core-group-is-layout-13 wp-block-group-is-layout-flex\" data-aos=\"fade-up\">\n<figure class=\"wp-block-image size-full is-resized has-custom-border hostinger-ai-testimonial-image hostinger-index-1\"><img loading=\"lazy\" decoding=\"async\" width=\"1417\" height=\"1417\" src=\"https:\/\/nightingale-nurses.com\/wp-content\/uploads\/2025\/02\/06-Acompanamiento-personas-mayores.jpg\" alt=\"\" class=\"wp-image-28\" style=\"border-radius:8px;width:148px;height:auto\" srcset=\"https:\/\/nightingale-nurses.com\/wp-content\/uploads\/2025\/02\/06-Acompanamiento-personas-mayores.jpg 1417w, https:\/\/nightingale-nurses.com\/wp-content\/uploads\/2025\/02\/06-Acompanamiento-personas-mayores-300x300.jpg 300w, https:\/\/nightingale-nurses.com\/wp-content\/uploads\/2025\/02\/06-Acompanamiento-personas-mayores-1024x1024.jpg 1024w, https:\/\/nightingale-nurses.com\/wp-content\/uploads\/2025\/02\/06-Acompanamiento-personas-mayores-150x150.jpg 150w, https:\/\/nightingale-nurses.com\/wp-content\/uploads\/2025\/02\/06-Acompanamiento-personas-mayores-768x768.jpg 768w\" sizes=\"auto, (max-width: 1417px) 100vw, 1417px\" \/><\/figure>\n\n\n\n<p class=\"hostinger-ai-testimonial-text hostinger-index-1 has-dark-color has-text-color has-link-color has-medium-font-size wp-elements-07e0267f564cf9cd21ae9d252c88884e wp-container-content-1\" style=\"padding-left:var(--wp--preset--spacing--20)\">\u201cMy caregivers were all top-notch, caring and compassionate.\u201d<br>Jana Kolpen<\/p>\n<\/div>\n<\/div>\n<\/div>\n<\/div>\n<\/div>\n\n\n\n<div class=\"wp-block-group alignfull hostinger-ai-solid-block hostinger-ai-fade-up has-custom-color-4-background-color has-background has-global-padding is-layout-constrained wp-block-group-is-layout-constrained\" data-aos=\"fade-up\" style=\"padding-top:var(--wp--preset--spacing--60);padding-bottom:var(--wp--preset--spacing--60)\">\n<div class=\"wp-block-group alignwide hostinger-ai-fade-up is-vertical is-content-justification-center is-nowrap is-layout-flex wp-container-core-group-is-layout-17 wp-block-group-is-layout-flex\" data-aos=\"fade-up\" style=\"min-height:0px;padding-top:0;padding-bottom:0\">\n<div class=\"wp-block-group hostinger-ai-fade-up wp-container-content-2 has-global-padding is-content-justification-center is-layout-constrained wp-container-core-group-is-layout-16 wp-block-group-is-layout-constrained\" data-aos=\"fade-up\">\n<h2 class=\"wp-block-heading has-text-align-center hostinger-ai-title has-custom-color-2-color has-text-color has-link-color has-x-large-font-size wp-elements-32d417745dfee142d7f4e898ac0da250\" style=\"margin-top:0;margin-right:0;margin-bottom:0;margin-left:0\">Schedule an appointment<\/h2>\n\n\n\n<p class=\"has-text-align-center hostinger-ai-description has-dark-color has-text-color has-link-color has-medium-font-size wp-elements-3e0da058b84dd0bdc7f9ec120c1f8e89\" style=\"margin-top:var(--wp--preset--spacing--20);margin-bottom:var(--wp--preset--spacing--50)\">We offer specialized care for the elderly with dedication, cleanliness and honesty, contact us for more information!<\/p>\n\n\n\n<div class=\"wp-block-buttons is-content-justification-center is-layout-flex wp-container-core-buttons-is-layout-1 wp-block-buttons-is-layout-flex\">\n<div class=\"wp-block-button has-custom-font-size hostinger-ai-cta-button is-style-outline has-alata-font-family has-medium-font-size is-style-outline--1\" style=\"letter-spacing:2px\"><a class=\"wp-block-button__link has-dark-color has-text-color has-background has-link-color wp-element-button\" href=\"https:\/\/nightingale-nurses.com\/en\/contacto\/\" style=\"border-style:none;border-width:0px;border-radius:30px;background-color:#eec1be;padding-top:var(--wp--preset--spacing--30);padding-right:var(--wp--preset--spacing--70);padding-bottom:var(--wp--preset--spacing--30);padding-left:var(--wp--preset--spacing--70)\">Contact us<\/a><\/div>\n<\/div>\n<\/div>\n<\/div>\n<\/div>\n\n\n\n<p><\/p>","protected":false},"excerpt":{"rendered":"<p>Cuidado Profesional Cuidado post cirug\u00eda. L\u00edquidos y medicamentos intravenosos. Limpieza y cuidado de heridas Control y gr\u00e1fico de la presi\u00f3n arterial y los niveles de az\u00facar en la sangre. Acompa\u00f1amiento de personas mayores. Opiniones de clientes: \u00abMis cuidadores eran todos de primera, atentos y compasivos\u00bb.Jana Kolpen Agenda una cita Ofrecemos atenci\u00f3n especializada para personas mayores [&hellip;]<\/p>","protected":false},"author":1,"featured_media":0,"parent":0,"menu_order":0,"comment_status":"closed","ping_status":"closed","template":"","meta":{"footnotes":""},"class_list":["post-48","page","type-page","status-publish","hentry"],"_links":{"self":[{"href":"https:\/\/nightingale-nurses.com\/en\/wp-json\/wp\/v2\/pages\/48","targetHints":{"allow":["GET"]}}],"collection":[{"href":"https:\/\/nightingale-nurses.com\/en\/wp-json\/wp\/v2\/pages"}],"about":[{"href":"https:\/\/nightingale-nurses.com\/en\/wp-json\/wp\/v2\/types\/page"}],"author":[{"embeddable":true,"href":"https:\/\/nightingale-nurses.com\/en\/wp-json\/wp\/v2\/users\/1"}],"replies":[{"embeddable":true,"href":"https:\/\/nightingale-nurses.com\/en\/wp-json\/wp\/v2\/comments?post=48"}],"version-history":[{"count":16,"href":"https:\/\/nightingale-nurses.com\/en\/wp-json\/wp\/v2\/pages\/48\/revisions"}],"predecessor-version":[{"id":255,"href":"https:\/\/nightingale-nurses.com\/en\/wp-json\/wp\/v2\/pages\/48\/revisions\/255"}],"wp:attachment":[{"href":"https:\/\/nightingale-nurses.com\/en\/wp-json\/wp\/v2\/media?parent=48"}],"curies":[{"name":"wp","href":"https:\/\/api.w.org\/{rel}","templated":true}]}}