{"id":49,"date":"2025-02-04T18:49:27","date_gmt":"2025-02-04T18:49:27","guid":{"rendered":"https:\/\/nightingale-nurses.com\/nosotras\/"},"modified":"2025-03-28T03:02:15","modified_gmt":"2025-03-28T03:02:15","slug":"nosotras","status":"publish","type":"page","link":"https:\/\/nightingale-nurses.com\/en\/nosotras\/","title":{"rendered":"We"},"content":{"rendered":"<figure class=\"wp-block-image alignwide size-large\" style=\"margin-top:0;margin-bottom:0\"><img loading=\"lazy\" decoding=\"async\" width=\"1024\" height=\"576\" src=\"https:\/\/nightingale-nurses.com\/wp-content\/uploads\/2025\/02\/NosotrasWe-1024x576.jpg\" alt=\"\" class=\"wp-image-232\" srcset=\"https:\/\/nightingale-nurses.com\/wp-content\/uploads\/2025\/02\/NosotrasWe-1024x576.jpg 1024w, https:\/\/nightingale-nurses.com\/wp-content\/uploads\/2025\/02\/NosotrasWe-300x169.jpg 300w, https:\/\/nightingale-nurses.com\/wp-content\/uploads\/2025\/02\/NosotrasWe-768x432.jpg 768w, https:\/\/nightingale-nurses.com\/wp-content\/uploads\/2025\/02\/NosotrasWe-1536x864.jpg 1536w, https:\/\/nightingale-nurses.com\/wp-content\/uploads\/2025\/02\/NosotrasWe-18x10.jpg 18w, https:\/\/nightingale-nurses.com\/wp-content\/uploads\/2025\/02\/NosotrasWe.jpg 1920w\" sizes=\"auto, (max-width: 1024px) 100vw, 1024px\" \/><\/figure>\n\n\n\n<div class=\"wp-block-group alignfull hostinger-ai-gallery-3 hostinger-ai-fade-up is-layout-flow wp-block-group-is-layout-flow\" data-aos=\"fade-up\">\n<div class=\"wp-block-group alignwide hostinger-ai-fade-up has-global-padding is-content-justification-center is-layout-constrained wp-block-group-is-layout-constrained\" data-aos=\"fade-up\" style=\"padding-top:var(--wp--preset--spacing--60);padding-bottom:var(--wp--preset--spacing--60)\">\n<h2 class=\"wp-block-heading alignwide has-text-align-left hostinger-ai-title has-text-color has-link-color has-x-large-font-size wp-elements-00c9e86ae6addb74152ad061b8b7bd53\" style=\"color:#68b0ad;margin-top:0;margin-right:0;margin-bottom:var(--wp--preset--spacing--40);margin-left:0\">Your care, our priority<\/h2>\n\n\n\n<p class=\"has-alata-font-family has-large-font-size\"><strong>We attend with dedication, cleanliness and honesty in every service.<\/strong><\/p>\n<\/div>\n<\/div>\n\n\n\n<div class=\"wp-block-columns is-layout-flex wp-container-core-columns-is-layout-1 wp-block-columns-is-layout-flex\">\n<div class=\"wp-block-column is-layout-flow wp-block-column-is-layout-flow\" style=\"flex-basis:100%\"><p style=\"border-style:none;border-width:0px;\" class=\"has-text-align-left wp-block-site-tagline has-alata-font-family\">Nurses dedicated to the care of older adults, we deeply value the importance of establishing meaningful connections with our patients. Our approach focuses on providing holistic care, addressing not only the medical needs, but also the emotional and social well-being of each person we care for. We strive to foster independence in older adults by providing the support they need to feel safe and valued. Educating patients and their families about chronic disease management is a fundamental part of our work. In addition, many of us have experience in rehabilitation and postoperative care, helping our patients regain their mobility and improve their quality of life after surgery. We also organize recreational activities that stimulate memory and promote an atmosphere of joy and well-being. In short, we are committed to improving the quality of life of older adults, ensuring that they receive the care and attention they need to live dignified and fulfilling lives.\n\nTranslated with DeepL.com (free version)<\/p><\/div>\n<\/div>\n\n\n\n<div class=\"wp-block-group alignfull hostinger-ai-solid-block hostinger-ai-fade-up has-background has-global-padding is-layout-constrained wp-block-group-is-layout-constrained\" data-aos=\"fade-up\" style=\"background-color:#e5e5e5;padding-top:var(--wp--preset--spacing--60);padding-bottom:var(--wp--preset--spacing--60)\">\n<div class=\"wp-block-group alignwide has-global-padding is-layout-constrained wp-block-group-is-layout-constrained\">\n<p class=\"has-text-align-center has-custom-color-2-color has-text-color has-link-color has-alata-font-family has-x-large-font-size wp-elements-93d229fd57825b7e35b9becd74e1ed52\"><strong>Schedule an appointment<\/strong><\/p>\n\n\n\n<p class=\"has-text-align-center hostinger-ai-description has-dark-color has-text-color has-link-color has-alata-font-family has-medium-font-size wp-elements-08addb9f0d99f56ed62fbae4884af9ad\" style=\"margin-top:var(--wp--preset--spacing--20);margin-bottom:var(--wp--preset--spacing--50)\">We offer elderly care with dedication, cleanliness and honesty. Affordable services and in English for your convenience.<\/p>\n\n\n\n<div class=\"wp-block-buttons alignwide is-horizontal is-content-justification-center is-layout-flex wp-container-core-buttons-is-layout-1 wp-block-buttons-is-layout-flex\">\n<div class=\"wp-block-button has-custom-font-size hostinger-ai-cta-button is-style-outline has-alata-font-family has-medium-font-size is-style-outline--1\" style=\"letter-spacing:2px\"><a class=\"wp-block-button__link has-dark-color has-text-color has-background has-link-color has-text-align-left wp-element-button\" href=\"https:\/\/nightingale-nurses.com\/en\/contacto\/\" style=\"border-style:none;border-width:0px;border-radius:30px;background-color:#eec1be;padding-top:var(--wp--preset--spacing--30);padding-right:var(--wp--preset--spacing--70);padding-bottom:var(--wp--preset--spacing--30);padding-left:var(--wp--preset--spacing--70)\">Contact us<\/a><\/div>\n<\/div>\n<\/div>\n<\/div>\n\n\n\n<p><\/p>","protected":false},"excerpt":{"rendered":"<p>Tu cuidado, nuestra prioridad Atendemos con dedicaci\u00f3n, limpieza y honestidad en cada servicio. Agenda una cita Ofrecemos atenci\u00f3n a personas mayores con dedicaci\u00f3n, limpieza y honestidad. Servicios accesibles y en ingl\u00e9s para su comodidad.<\/p>","protected":false},"author":1,"featured_media":0,"parent":0,"menu_order":0,"comment_status":"closed","ping_status":"closed","template":"","meta":{"footnotes":""},"class_list":["post-49","page","type-page","status-publish","hentry"],"_links":{"self":[{"href":"https:\/\/nightingale-nurses.com\/en\/wp-json\/wp\/v2\/pages\/49","targetHints":{"allow":["GET"]}}],"collection":[{"href":"https:\/\/nightingale-nurses.com\/en\/wp-json\/wp\/v2\/pages"}],"about":[{"href":"https:\/\/nightingale-nurses.com\/en\/wp-json\/wp\/v2\/types\/page"}],"author":[{"embeddable":true,"href":"https:\/\/nightingale-nurses.com\/en\/wp-json\/wp\/v2\/users\/1"}],"replies":[{"embeddable":true,"href":"https:\/\/nightingale-nurses.com\/en\/wp-json\/wp\/v2\/comments?post=49"}],"version-history":[{"count":14,"href":"https:\/\/nightingale-nurses.com\/en\/wp-json\/wp\/v2\/pages\/49\/revisions"}],"predecessor-version":[{"id":257,"href":"https:\/\/nightingale-nurses.com\/en\/wp-json\/wp\/v2\/pages\/49\/revisions\/257"}],"wp:attachment":[{"href":"https:\/\/nightingale-nurses.com\/en\/wp-json\/wp\/v2\/media?parent=49"}],"curies":[{"name":"wp","href":"https:\/\/api.w.org\/{rel}","templated":true}]}}