{"id":50,"date":"2025-02-04T18:49:27","date_gmt":"2025-02-04T18:49:27","guid":{"rendered":"https:\/\/nightingale-nurses.com\/contacto\/"},"modified":"2025-03-28T03:17:43","modified_gmt":"2025-03-28T03:17:43","slug":"contacto","status":"publish","type":"page","link":"https:\/\/nightingale-nurses.com\/en\/contacto\/","title":{"rendered":"Contact"},"content":{"rendered":"<figure class=\"wp-block-image alignwide size-large\"><img loading=\"lazy\" decoding=\"async\" width=\"1024\" height=\"576\" src=\"https:\/\/nightingale-nurses.com\/wp-content\/uploads\/2025\/02\/ContactoCon-1024x576.jpg\" alt=\"\" class=\"wp-image-234\" srcset=\"https:\/\/nightingale-nurses.com\/wp-content\/uploads\/2025\/02\/ContactoCon-1024x576.jpg 1024w, https:\/\/nightingale-nurses.com\/wp-content\/uploads\/2025\/02\/ContactoCon-300x169.jpg 300w, https:\/\/nightingale-nurses.com\/wp-content\/uploads\/2025\/02\/ContactoCon-768x432.jpg 768w, https:\/\/nightingale-nurses.com\/wp-content\/uploads\/2025\/02\/ContactoCon-1536x864.jpg 1536w, https:\/\/nightingale-nurses.com\/wp-content\/uploads\/2025\/02\/ContactoCon-18x10.jpg 18w, https:\/\/nightingale-nurses.com\/wp-content\/uploads\/2025\/02\/ContactoCon.jpg 1920w\" sizes=\"auto, (max-width: 1024px) 100vw, 1024px\" \/><\/figure>\n\n\n\n<div class=\"wp-block-group alignfull hostinger-ai-fade-up has-light-background-color has-background has-global-padding is-layout-constrained wp-block-group-is-layout-constrained\" data-aos=\"fade-up\" style=\"padding-top:var(--wp--preset--spacing--40);padding-bottom:var(--wp--preset--spacing--40)\">\n<div class=\"wp-block-group alignwide hostinger-ai-fade-up is-layout-grid wp-container-core-group-is-layout-3 wp-block-group-is-layout-grid\" data-aos=\"fade-up\">\n<div class=\"wp-block-columns are-vertically-aligned-center is-layout-flex wp-container-core-columns-is-layout-1 wp-block-columns-is-layout-flex\">\n<div class=\"wp-block-column is-vertically-aligned-center is-layout-flow wp-block-column-is-layout-flow\" style=\"flex-basis:100%\">\n<div class=\"wp-block-group hostinger-ai-fade-up has-global-padding is-layout-constrained wp-block-group-is-layout-constrained\" data-aos=\"fade-up\">\n<h2 class=\"wp-block-heading hostinger-ai-title has-text-color has-link-color has-x-large-font-size wp-elements-ecc43527de0934dbf686a7d67a1c192b\" style=\"color:#68b0ad;margin-bottom:var(--wp--preset--spacing--50)\">Contact information:<\/h2>\n\n\n\n<p style=\"margin-top:0;margin-bottom:0;font-size:clamp(18.959px, 1.185rem + ((1vw - 3.2px) * 1.416), 30px);\">Paulina Garc\u00eda: <a href=\"tel:4451179496\">445 117 94 96<\/a><\/p>\n\n\n\n<p>pgarcia@nightingale-nurses.com<\/p>\n\n\n\n<p style=\"font-size:clamp(18.959px, 1.185rem + ((1vw - 3.2px) * 1.416), 30px);\">Jennifer Mu\u00f1oz: <a href=\"tel:4155660995\">415 566 09 95<\/a><\/p>\n\n\n\n<p class=\"has-dark-color has-text-color has-link-color wp-elements-47342277955895570f8d9ba96234d1b6\" style=\"margin-bottom:var(--wp--preset--spacing--50)\">jmunoz@nightingale-nurses.com<\/p>\n<\/div>\n<\/div>\n<\/div>\n\n\n\n<div class=\"wp-block-group is-nowrap is-layout-flex wp-container-core-group-is-layout-2 wp-block-group-is-layout-flex\">\n<div class=\"wp-block-cover\"><span aria-hidden=\"true\" class=\"wp-block-cover__background has-background-dim\"><\/span><img loading=\"lazy\" decoding=\"async\" width=\"998\" height=\"998\" class=\"wp-block-cover__image-background wp-image-174\" alt=\"\" src=\"https:\/\/nightingale-nurses.com\/wp-content\/uploads\/2025\/02\/SMA-2.jpg\" data-object-fit=\"cover\" srcset=\"https:\/\/nightingale-nurses.com\/wp-content\/uploads\/2025\/02\/SMA-2.jpg 998w, https:\/\/nightingale-nurses.com\/wp-content\/uploads\/2025\/02\/SMA-2-300x300.jpg 300w, https:\/\/nightingale-nurses.com\/wp-content\/uploads\/2025\/02\/SMA-2-150x150.jpg 150w, https:\/\/nightingale-nurses.com\/wp-content\/uploads\/2025\/02\/SMA-2-768x768.jpg 768w\" sizes=\"auto, (max-width: 998px) 100vw, 998px\" \/><div class=\"wp-block-cover__inner-container is-layout-flow wp-block-cover-is-layout-flow\">\n<p class=\"has-text-align-left has-light-color has-text-color has-link-color has-alata-font-family wp-elements-b52f62a70e372833374ab3324cb0a6c0\" style=\"font-size:clamp(21.536px, 1.346rem + ((1vw - 3.2px) * 1.726), 35px);\">San Miguel de Allende, Guanajuato, M\u00e9xico.                     <\/p>\n<\/div><\/div>\n<\/div>\n<\/div>\n<\/div>\n\n\n\n<div class=\"wp-block-group alignfull hostinger-ai-solid-block hostinger-ai-fade-up has-background has-global-padding is-layout-constrained wp-block-group-is-layout-constrained\" data-aos=\"fade-up\" style=\"background-color:#e5e5e5;padding-top:var(--wp--preset--spacing--60);padding-bottom:var(--wp--preset--spacing--60)\">\n<p class=\"has-text-align-center has-custom-color-2-color has-text-color has-link-color has-alata-font-family has-x-large-font-size wp-elements-93d229fd57825b7e35b9becd74e1ed52\"><strong>Schedule an appointment<\/strong><\/p>\n\n\n\n<p class=\"has-text-align-center\">We offer elderly care with dedication, cleanliness and honesty. Affordable services and in English for your convenience.<\/p>\n\n\n\n<div class=\"wp-block-buttons is-content-justification-center is-layout-flex wp-container-core-buttons-is-layout-1 wp-block-buttons-is-layout-flex\">\n<div class=\"wp-block-button has-custom-font-size hostinger-ai-cta-button is-style-outline has-alata-font-family has-medium-font-size is-style-outline--1\" style=\"letter-spacing:2px\"><a class=\"wp-block-button__link has-dark-color has-text-color has-background has-link-color wp-element-button\" href=\"https:\/\/nightingale-nurses.com\/en\/contacto\/\" style=\"border-style:none;border-width:0px;border-radius:30px;background-color:#eec1be;padding-top:var(--wp--preset--spacing--30);padding-right:var(--wp--preset--spacing--70);padding-bottom:var(--wp--preset--spacing--30);padding-left:var(--wp--preset--spacing--70)\">Contact us<\/a><\/div>\n<\/div>\n<\/div>\n\n\n\n<p><\/p>","protected":false},"excerpt":{"rendered":"<p>Cont\u00e1ctanos ya Paulina Garc\u00eda: 445 117 94 96 pgarcia@nightingale-nurses.com Jennifer Mu\u00f1oz: 415 566 09 95 jmunoz@nightingale-nurses.com Agenda una cita Ofrecemos atenci\u00f3n a personas mayores con dedicaci\u00f3n, limpieza y honestidad. Servicios accesibles y en ingl\u00e9s para su comodidad.<\/p>","protected":false},"author":1,"featured_media":0,"parent":0,"menu_order":0,"comment_status":"closed","ping_status":"closed","template":"","meta":{"footnotes":""},"class_list":["post-50","page","type-page","status-publish","hentry"],"_links":{"self":[{"href":"https:\/\/nightingale-nurses.com\/en\/wp-json\/wp\/v2\/pages\/50","targetHints":{"allow":["GET"]}}],"collection":[{"href":"https:\/\/nightingale-nurses.com\/en\/wp-json\/wp\/v2\/pages"}],"about":[{"href":"https:\/\/nightingale-nurses.com\/en\/wp-json\/wp\/v2\/types\/page"}],"author":[{"embeddable":true,"href":"https:\/\/nightingale-nurses.com\/en\/wp-json\/wp\/v2\/users\/1"}],"replies":[{"embeddable":true,"href":"https:\/\/nightingale-nurses.com\/en\/wp-json\/wp\/v2\/comments?post=50"}],"version-history":[{"count":18,"href":"https:\/\/nightingale-nurses.com\/en\/wp-json\/wp\/v2\/pages\/50\/revisions"}],"predecessor-version":[{"id":259,"href":"https:\/\/nightingale-nurses.com\/en\/wp-json\/wp\/v2\/pages\/50\/revisions\/259"}],"wp:attachment":[{"href":"https:\/\/nightingale-nurses.com\/en\/wp-json\/wp\/v2\/media?parent=50"}],"curies":[{"name":"wp","href":"https:\/\/api.w.org\/{rel}","templated":true}]}}