{"id":98,"date":"2025-02-08T00:46:21","date_gmt":"2025-02-08T00:46:21","guid":{"rendered":"https:\/\/nightingale-nurses.com\/?page_id=98"},"modified":"2025-03-28T03:01:35","modified_gmt":"2025-03-28T03:01:35","slug":"precios","status":"publish","type":"page","link":"https:\/\/nightingale-nurses.com\/en\/precios\/","title":{"rendered":"Prices"},"content":{"rendered":"<figure class=\"wp-block-image alignwide size-large\"><img loading=\"lazy\" decoding=\"async\" width=\"1024\" height=\"576\" src=\"https:\/\/nightingale-nurses.com\/wp-content\/uploads\/2025\/02\/PreciosPri-1024x576.jpg\" alt=\"\" class=\"wp-image-236\" srcset=\"https:\/\/nightingale-nurses.com\/wp-content\/uploads\/2025\/02\/PreciosPri-1024x576.jpg 1024w, https:\/\/nightingale-nurses.com\/wp-content\/uploads\/2025\/02\/PreciosPri-300x169.jpg 300w, https:\/\/nightingale-nurses.com\/wp-content\/uploads\/2025\/02\/PreciosPri-768x432.jpg 768w, https:\/\/nightingale-nurses.com\/wp-content\/uploads\/2025\/02\/PreciosPri-1536x864.jpg 1536w, https:\/\/nightingale-nurses.com\/wp-content\/uploads\/2025\/02\/PreciosPri-18x10.jpg 18w, https:\/\/nightingale-nurses.com\/wp-content\/uploads\/2025\/02\/PreciosPri.jpg 1920w\" sizes=\"auto, (max-width: 1024px) 100vw, 1024px\" \/><\/figure>\n\n\n\n<h2 class=\"wp-block-heading has-text-color has-link-color has-alata-font-family wp-elements-33658789644b13bd0003dc1944f1eb4b\" style=\"color:#68b0ad\">Change per hour:<\/h2>\n\n\n\n<ul class=\"wp-block-list\">\n<li class=\"has-alata-font-family has-large-font-size\"><strong>NURSE:<\/strong> $ 150 mexican pesos. (It can variate depending on the treatment).<\/li>\n\n\n\n<li class=\"has-alata-font-family has-large-font-size\"><strong>CAREGIVER:<\/strong> $ 130 mexican prices.<\/li>\n\n\n\n<li class=\"has-alata-font-family has-large-font-size\">A fee for transportation might be included depending on the area and the distance.<\/li>\n\n\n\n<li class=\"has-alata-font-family has-large-font-size\">We accept payments by mexican bank checks, credit or debit card, wire transfer and cash.<\/li>\n<\/ul>\n\n\n\n<h2 class=\"wp-block-heading has-text-color has-link-color has-alata-font-family wp-elements-e36b004f0fb467e68732ee376a3810bc\" style=\"color:#68b0ad\">Important information:<\/h2>\n\n\n\n<ul class=\"wp-block-list\">\n<li class=\"has-alata-font-family\">Most of our staff speaks and comprehends english.<\/li>\n\n\n\n<li class=\"has-alata-font-family\">There is a minimum of hours required by day (5).<\/li>\n\n\n\n<li class=\"has-alata-font-family\">Our shifts for 24 hrs. care could be divided in 12 hrs, 6 hrs and 8 hrs.<\/li>\n\n\n\n<li class=\"has-alata-font-family\">The minimum people to cover 24 hrs care are 2.<\/li>\n\n\n\n<li class=\"has-alata-font-family\">If you have insurance, we can provide the paperwork that's needed for you to get reimbursed.<\/li>\n\n\n\n<li class=\"has-alata-font-family\">If you need a factura we can also provide it.<\/li>\n<\/ul>\n\n\n\n<div class=\"wp-block-group alignfull hostinger-ai-solid-block hostinger-ai-fade-up has-background has-global-padding is-layout-constrained wp-block-group-is-layout-constrained\" data-aos=\"fade-up\" style=\"background-color:#e5e5e5;padding-top:var(--wp--preset--spacing--60);padding-bottom:var(--wp--preset--spacing--60)\">\n<p class=\"has-text-align-center has-custom-color-2-color has-text-color has-link-color has-alata-font-family has-x-large-font-size wp-elements-93d229fd57825b7e35b9becd74e1ed52\"><strong>Schedule an appointment<\/strong><\/p>\n\n\n\n<p class=\"has-text-align-center\">We offer elderly care with dedication, cleanliness and honesty. Affordable services and in English for your convenience.<\/p>\n\n\n\n<div class=\"wp-block-buttons is-content-justification-center is-layout-flex wp-container-core-buttons-is-layout-1 wp-block-buttons-is-layout-flex\">\n<div class=\"wp-block-button has-custom-font-size hostinger-ai-cta-button is-style-fill has-alata-font-family has-medium-font-size\" style=\"letter-spacing:2px\"><a class=\"wp-block-button__link has-dark-color has-text-color has-background has-link-color wp-element-button\" href=\"https:\/\/nightingale-nurses.com\/en\/contacto\/\" style=\"border-style:none;border-width:0px;border-radius:30px;background-color:#eec1be;padding-top:var(--wp--preset--spacing--30);padding-right:var(--wp--preset--spacing--70);padding-bottom:var(--wp--preset--spacing--30);padding-left:var(--wp--preset--spacing--70)\">Contact us<\/a><\/div>\n<\/div>\n<\/div>\n\n\n\n<p><\/p>","protected":false},"excerpt":{"rendered":"<p>Cargo por hora: Informaci\u00f3n importante: Agenda una cita Ofrecemos atenci\u00f3n a personas mayores con dedicaci\u00f3n, limpieza y honestidad. Servicios accesibles y en ingl\u00e9s para su comodidad.<\/p>","protected":false},"author":1,"featured_media":0,"parent":0,"menu_order":0,"comment_status":"closed","ping_status":"closed","template":"","meta":{"footnotes":""},"class_list":["post-98","page","type-page","status-publish","hentry"],"_links":{"self":[{"href":"https:\/\/nightingale-nurses.com\/en\/wp-json\/wp\/v2\/pages\/98","targetHints":{"allow":["GET"]}}],"collection":[{"href":"https:\/\/nightingale-nurses.com\/en\/wp-json\/wp\/v2\/pages"}],"about":[{"href":"https:\/\/nightingale-nurses.com\/en\/wp-json\/wp\/v2\/types\/page"}],"author":[{"embeddable":true,"href":"https:\/\/nightingale-nurses.com\/en\/wp-json\/wp\/v2\/users\/1"}],"replies":[{"embeddable":true,"href":"https:\/\/nightingale-nurses.com\/en\/wp-json\/wp\/v2\/comments?post=98"}],"version-history":[{"count":18,"href":"https:\/\/nightingale-nurses.com\/en\/wp-json\/wp\/v2\/pages\/98\/revisions"}],"predecessor-version":[{"id":256,"href":"https:\/\/nightingale-nurses.com\/en\/wp-json\/wp\/v2\/pages\/98\/revisions\/256"}],"wp:attachment":[{"href":"https:\/\/nightingale-nurses.com\/en\/wp-json\/wp\/v2\/media?parent=98"}],"curies":[{"name":"wp","href":"https:\/\/api.w.org\/{rel}","templated":true}]}}